{"id":105,"date":"2014-01-15T11:39:52","date_gmt":"2014-01-15T10:39:52","guid":{"rendered":"http:\/\/steinschultz.de\/steinschultz2014\/?page_id=105"},"modified":"2015-07-24T16:43:45","modified_gmt":"2015-07-24T15:43:45","slug":"querdenken-fragen-finden","status":"publish","type":"page","link":"https:\/\/steinschultz.de\/en\/projekte\/querdenken-fragen-finden\/","title":{"rendered":"Thinking out of the box + Finding the question"},"content":{"rendered":"<p>Asking the right question is the task in complex spatial processes. To understand the problem, we confront local expertise with different views. Crossing the borders of conventional areas of thinking is the starting point for innovation.<\/p>\n<div class=\"three-columns-one\">\n<h3>LEADER\u00a0Application Arnsberg+<\/h3>\n<p><a href=\"http:\/\/steinschultz.de\/steinschultz2014\/wp-content\/uploads\/2014\/01\/Arnsberg-2014-12.jpg\" rel=\"shadowbox[sbpost-105];player=img;\" title=\"Arnsberg\"><img decoding=\"async\" class=\"alignnone size-full wp-image-1281\" title=\"Arnsberg\" src=\"http:\/\/steinschultz.de\/steinschultz2014\/wp-content\/uploads\/2014\/01\/Arnsberg-2014-12.jpg\" alt=\"Ausschnitt einer Landkarte\" width=\"680\" height=\"614\" srcset=\"https:\/\/steinschultz.de\/steinschultz2014\/wp-content\/uploads\/2014\/01\/Arnsberg-2014-12.jpg 680w, https:\/\/steinschultz.de\/steinschultz2014\/wp-content\/uploads\/2014\/01\/Arnsberg-2014-12-300x270.jpg 300w\" sizes=\"(max-width: 680px) 100vw, 680px\" \/><\/a><\/p>\n<p>The four communities of Arnsberg, Sundern, Balve and Neuenrade join forces to create their own rural development programme. Together with Henrik Schultz and Ursula Stein, the task force set out to create a cutting-edge, concentrated set of specific and effective measures. <a href=\"http:\/\/steinschultz.de\/projekte\/querdenken-fragen-finden\/leader-bewerbung-arnsberg\/\">[++]<\/a><\/p>\n<div class=\"divider\"><\/div>\n<h3>Olfen: Beratung Stadtentwicklung<\/h3>\n<p><a href=\"http:\/\/steinschultz.de\/steinschultz2014\/wp-content\/uploads\/2014\/02\/OlfenBeratung1.gif\" rel=\"shadowbox[sbpost-105];player=img;\" title=\"Olfen: Beratung Stadtentwicklung\"><img decoding=\"async\" class=\"alignnone size-full wp-image-482\" title=\"Olfen: Beratung Stadtentwicklung\" src=\"http:\/\/steinschultz.de\/steinschultz2014\/wp-content\/uploads\/2014\/02\/OlfenBeratung1.gif\" alt=\"Drawing\" width=\"680\" height=\"455\" \/><\/a><\/p>\n<p>Es begann mit der Frage nach einem sch\u00f6nen Bild zur Zukunft von Olfen \u2013 und es entstand ein Prozess des gemeinsamen Nachdenkens mit dem B\u00fcrgermeister und seinem F\u00fchrungsteam <a title=\"Olfen: Beratung Stadtentwicklung\" href=\"http:\/\/steinschultz.de\/en\/projekte\/querdenken-fragen-finden\/olfen-beratung-stadtentwicklung\/\">[++]<\/a><\/p>\n<div class=\"divider\"><\/div>\n<h3>Integrating IKEA<\/h3>\n<p><a href=\"http:\/\/steinschultz.de\/steinschultz2014\/wp-content\/uploads\/2014\/02\/IkeaRegionalerAkteur1.jpg\" rel=\"shadowbox[sbpost-105];player=img;\" title=\"Integrating IKEA\"><img decoding=\"async\" class=\"alignnone size-full wp-image-464\" title=\"Integrating IKEA\" src=\"http:\/\/steinschultz.de\/steinschultz2014\/wp-content\/uploads\/2014\/02\/IkeaRegionalerAkteur1.jpg\" alt=\"Plan\" width=\"680\" height=\"513\" srcset=\"https:\/\/steinschultz.de\/steinschultz2014\/wp-content\/uploads\/2014\/02\/IkeaRegionalerAkteur1.jpg 680w, https:\/\/steinschultz.de\/steinschultz2014\/wp-content\/uploads\/2014\/02\/IkeaRegionalerAkteur1-300x226.jpg 300w\" sizes=\"(max-width: 680px) 100vw, 680px\" \/><\/a><\/p>\n<p>Designs and concepts to integrate the IKEA site in Wallau into the regional landscape\u00a0<a title=\"IKEA in Wallau \u2013 IKEA als regionaler Akteur\" href=\"http:\/\/steinschultz.de\/en\/projekte\/querdenken-fragen-finden\/ikea-als-regionaler-akteur\/\">[++]<\/a><\/p>\n<\/div>\n<div class=\"three-columns-one\">\n<h3>Olfen: Energiewende im ZukunftsLAND<\/h3>\n<p><a href=\"http:\/\/steinschultz.de\/steinschultz2014\/wp-content\/uploads\/2014\/01\/Olfen.Energie.jpg\" rel=\"shadowbox[sbpost-105];player=img;\" title=\"Olfen: Energiewende im ZukunftsLAND\"><img decoding=\"async\" class=\"alignnone size-full wp-image-1175\" title=\"Olfen: Energiewende im ZukunftsLAND\" src=\"http:\/\/steinschultz.de\/steinschultz2014\/wp-content\/uploads\/2014\/01\/Olfen.Energie.jpg\" alt=\"Puzzle\" width=\"680\" height=\"468\" srcset=\"https:\/\/steinschultz.de\/steinschultz2014\/wp-content\/uploads\/2014\/01\/Olfen.Energie.jpg 680w, https:\/\/steinschultz.de\/steinschultz2014\/wp-content\/uploads\/2014\/01\/Olfen.Energie-300x206.jpg 300w\" sizes=\"(max-width: 680px) 100vw, 680px\" \/><\/a><\/p>\n<p>Eine Projektstudie f\u00fcr ein Konzept zur Vernetzung regenerativer Energiequellen und F\u00f6rderung lokaler Stoffstr\u00f6me und Wertsch\u00f6pfungsketten muss auch f\u00fcr B\u00fcrger und Au\u00dfenstehende verst\u00e4ndlich sein <a title=\"Olfen: Energiewende im ZukunftsLAND\" href=\"http:\/\/steinschultz.de\/en\/projekte\/querdenken-fragen-finden\/olfen-energiewende-im-zukunftsland\/\">[++]<\/a><\/p>\n<div class=\"divider\"><\/div>\n<h3>Kl\u00e4rungsprozess Internationale Bauausstellung FrankfurtRheinMain<\/h3>\n<p>Was k\u00f6nnte das Thema einer Internationale Bauausstellung in der Region FrankfurtRheinMain sein, was k\u00f6nnte sie bewirken? <a title=\"Kl\u00e4rungsprozess Internationale Bauausstellung FrankfurtRheinMain\" href=\"http:\/\/steinschultz.de\/en\/projekte\/querdenken-fragen-finden\/klaerungsprozess-internationale-bauausstellung-frankfurtrheinmain\/\">[++]<\/a><\/p>\n<div class=\"divider\"><\/div>\n<h3>Ladenburger Kolleg \u201eZwischenstadt im Kontext der europ\u00e4ischen Stadtregion\u201c<\/h3>\n<p>Leitung der Teilprojekte \u201eBeitrag von Plattformen und Netzwerken der Verst\u00e4ndigung\u201c<\/p>\n<p>und \u201eEcho-Gruppe kommunale Realit\u00e4t\u201c; Leitung des Kollegs: Prof. Thomas Sieverts; Finanzierung: Gottlieb Daimler- und Karl Benz-Stiftung, 2002 \u2013 2005<\/p>\n<\/div>\n<div class=\"three-columns-one last\">\n<h3>Unter freiem Himmel \u2013 Werkstatt Emscher Landschaftspark<\/h3>\n<p>Gesucht: Orientierungen f\u00fcr die dritte Entwicklungsdekade f\u00fcr den Emscher Landschaftspark <a title=\"Unter freiem Himmel \u2013 Werkstatt Emscher Landschaftspark\" href=\"http:\/\/steinschultz.de\/en\/projekte\/querdenken-fragen-finden\/unter-freiem-himmel-werkstatt-emscher-landschaftspark\/\">[++]<\/a><\/p>\n<div class=\"divider\"><\/div>\n<h3>ZukunftsLAND \u2013 die REGIONALE im M\u00fcnsterland<\/h3>\n<p><a href=\"http:\/\/steinschultz.de\/steinschultz2014\/wp-content\/uploads\/2014\/02\/RegionaleBewerbung1.jpg\" rel=\"shadowbox[sbpost-105];player=img;\" title=\"ZukunftsLAND \u2013 die REGIONALE im M\u00fcnsterland\"><img decoding=\"async\" class=\"alignnone  wp-image-494\" title=\"ZukunftsLAND \u2013 die REGIONALE im M\u00fcnsterland\" src=\"http:\/\/steinschultz.de\/steinschultz2014\/wp-content\/uploads\/2014\/02\/RegionaleBewerbung1.jpg\" alt=\"Brochure\" width=\"680\" height=\"486\" srcset=\"https:\/\/steinschultz.de\/steinschultz2014\/wp-content\/uploads\/2014\/02\/RegionaleBewerbung1.jpg 680w, https:\/\/steinschultz.de\/steinschultz2014\/wp-content\/uploads\/2014\/02\/RegionaleBewerbung1-300x214.jpg 300w\" sizes=\"(max-width: 680px) 100vw, 680px\" \/><\/a><\/p>\n<p>Querdenken f\u00f6rdert Innovation f\u00fcr das ZukunftsLAND <a title=\"ZukunftsLAND \u2013 die REGIONALE im M\u00fcnsterland\" href=\"http:\/\/steinschultz.de\/en\/projekte\/querdenken-fragen-finden\/zukunftsland-die-regionale-im-muensterland\/\">[++]<\/a><\/p>\n<div class=\"divider\"><\/div>\n<h3>Z\u00fcrich: Entwicklung Hochschulgebiet<\/h3>\n<p>Beratung als Expertin in einer Workshopserie. Im Auftrag der Baudirektion Kanton Z\u00fcrich, M\u00e4rz &#8211; Juni 2002<\/p>\n<div class=\"divider\"><\/div>\n<h3>Stadt-Entwicklung Oberwinterthur<\/h3>\n<p>Beitrag von Ursula Stein zur Entwicklungsstrategie Oberwinterthur, Workshop 3: Instrumente, Strategie-Prozessmanagement. Im Auftrag der Stadt Winterthur, Stabsstelle Stadtentwicklung, 19. Januar 2007<\/p>\n<\/div><\/p>","protected":false},"excerpt":{"rendered":"<p>Asking the right question is the task in complex spatial processes. To understand the problem, [&hellip;]<\/p>\n","protected":false},"author":1,"featured_media":0,"parent":73,"menu_order":4,"comment_status":"closed","ping_status":"closed","template":"","meta":{"footnotes":""},"yoast_head":"<!-- This site is optimized with the Yoast SEO plugin v22.6 - https:\/\/yoast.com\/wordpress\/plugins\/seo\/ -->\n<title>Thinking out of the box + Finding the question - Stein+Schultz<\/title>\n<meta name=\"robots\" content=\"index, follow, max-snippet:-1, max-image-preview:large, max-video-preview:-1\" \/>\n<link rel=\"canonical\" href=\"https:\/\/steinschultz.de\/en\/projekte\/querdenken-fragen-finden\/\" \/>\n<meta property=\"og:locale\" content=\"en_US\" \/>\n<meta property=\"og:type\" content=\"article\" \/>\n<meta property=\"og:title\" content=\"Thinking out of the box + Finding the question - Stein+Schultz\" \/>\n<meta property=\"og:description\" content=\"Asking the right question is the task in complex spatial processes. To understand the problem, [&hellip;]\" \/>\n<meta property=\"og:url\" content=\"https:\/\/steinschultz.de\/en\/projekte\/querdenken-fragen-finden\/\" \/>\n<meta property=\"og:site_name\" content=\"Stein+Schultz\" \/>\n<meta property=\"article:modified_time\" content=\"2015-07-24T15:43:45+00:00\" \/>\n<meta property=\"og:image\" content=\"http:\/\/steinschultz.de\/steinschultz2014\/wp-content\/uploads\/2014\/01\/Arnsberg-2014-12.jpg\" \/>\n<meta name=\"twitter:card\" content=\"summary_large_image\" \/>\n<meta name=\"twitter:label1\" content=\"Est. reading time\" \/>\n\t<meta name=\"twitter:data1\" content=\"3 minutes\" \/>\n<script type=\"application\/ld+json\" class=\"yoast-schema-graph\">{\"@context\":\"https:\/\/schema.org\",\"@graph\":[{\"@type\":\"WebPage\",\"@id\":\"https:\/\/steinschultz.de\/en\/projekte\/querdenken-fragen-finden\/\",\"url\":\"https:\/\/steinschultz.de\/en\/projekte\/querdenken-fragen-finden\/\",\"name\":\"Thinking out of the box + Finding the question - Stein+Schultz\",\"isPartOf\":{\"@id\":\"https:\/\/steinschultz.de\/#website\"},\"primaryImageOfPage\":{\"@id\":\"https:\/\/steinschultz.de\/en\/projekte\/querdenken-fragen-finden\/#primaryimage\"},\"image\":{\"@id\":\"https:\/\/steinschultz.de\/en\/projekte\/querdenken-fragen-finden\/#primaryimage\"},\"thumbnailUrl\":\"http:\/\/steinschultz.de\/steinschultz2014\/wp-content\/uploads\/2014\/01\/Arnsberg-2014-12.jpg\",\"datePublished\":\"2014-01-15T10:39:52+00:00\",\"dateModified\":\"2015-07-24T15:43:45+00:00\",\"breadcrumb\":{\"@id\":\"https:\/\/steinschultz.de\/en\/projekte\/querdenken-fragen-finden\/#breadcrumb\"},\"inLanguage\":\"en-US\",\"potentialAction\":[{\"@type\":\"ReadAction\",\"target\":[\"https:\/\/steinschultz.de\/en\/projekte\/querdenken-fragen-finden\/\"]}]},{\"@type\":\"ImageObject\",\"inLanguage\":\"en-US\",\"@id\":\"https:\/\/steinschultz.de\/en\/projekte\/querdenken-fragen-finden\/#primaryimage\",\"url\":\"http:\/\/steinschultz.de\/steinschultz2014\/wp-content\/uploads\/2014\/01\/Arnsberg-2014-12.jpg\",\"contentUrl\":\"http:\/\/steinschultz.de\/steinschultz2014\/wp-content\/uploads\/2014\/01\/Arnsberg-2014-12.jpg\"},{\"@type\":\"BreadcrumbList\",\"@id\":\"https:\/\/steinschultz.de\/en\/projekte\/querdenken-fragen-finden\/#breadcrumb\",\"itemListElement\":[{\"@type\":\"ListItem\",\"position\":1,\"name\":\"Startseite\",\"item\":\"https:\/\/steinschultz.de\/\"},{\"@type\":\"ListItem\",\"position\":2,\"name\":\"Projekte\",\"item\":\"https:\/\/steinschultz.de\/projekte\/\"},{\"@type\":\"ListItem\",\"position\":3,\"name\":\"Thinking out of the box + Finding the question\"}]},{\"@type\":\"WebSite\",\"@id\":\"https:\/\/steinschultz.de\/#website\",\"url\":\"https:\/\/steinschultz.de\/\",\"name\":\"Stein+Schultz\",\"description\":\"Stadt, Regional- und Freiraumplaner\",\"potentialAction\":[{\"@type\":\"SearchAction\",\"target\":{\"@type\":\"EntryPoint\",\"urlTemplate\":\"https:\/\/steinschultz.de\/?s={search_term_string}\"},\"query-input\":\"required name=search_term_string\"}],\"inLanguage\":\"en-US\"}]}<\/script>\n<!-- \/ Yoast SEO plugin. -->","yoast_head_json":{"title":"Thinking out of the box + Finding the question - Stein+Schultz","robots":{"index":"index","follow":"follow","max-snippet":"max-snippet:-1","max-image-preview":"max-image-preview:large","max-video-preview":"max-video-preview:-1"},"canonical":"https:\/\/steinschultz.de\/en\/projekte\/querdenken-fragen-finden\/","og_locale":"en_US","og_type":"article","og_title":"Thinking out of the box + Finding the question - Stein+Schultz","og_description":"Asking the right question is the task in complex spatial processes. To understand the problem, [&hellip;]","og_url":"https:\/\/steinschultz.de\/en\/projekte\/querdenken-fragen-finden\/","og_site_name":"Stein+Schultz","article_modified_time":"2015-07-24T15:43:45+00:00","og_image":[{"url":"http:\/\/steinschultz.de\/steinschultz2014\/wp-content\/uploads\/2014\/01\/Arnsberg-2014-12.jpg"}],"twitter_card":"summary_large_image","twitter_misc":{"Est. reading time":"3 minutes"},"schema":{"@context":"https:\/\/schema.org","@graph":[{"@type":"WebPage","@id":"https:\/\/steinschultz.de\/en\/projekte\/querdenken-fragen-finden\/","url":"https:\/\/steinschultz.de\/en\/projekte\/querdenken-fragen-finden\/","name":"Thinking out of the box + Finding the question - Stein+Schultz","isPartOf":{"@id":"https:\/\/steinschultz.de\/#website"},"primaryImageOfPage":{"@id":"https:\/\/steinschultz.de\/en\/projekte\/querdenken-fragen-finden\/#primaryimage"},"image":{"@id":"https:\/\/steinschultz.de\/en\/projekte\/querdenken-fragen-finden\/#primaryimage"},"thumbnailUrl":"http:\/\/steinschultz.de\/steinschultz2014\/wp-content\/uploads\/2014\/01\/Arnsberg-2014-12.jpg","datePublished":"2014-01-15T10:39:52+00:00","dateModified":"2015-07-24T15:43:45+00:00","breadcrumb":{"@id":"https:\/\/steinschultz.de\/en\/projekte\/querdenken-fragen-finden\/#breadcrumb"},"inLanguage":"en-US","potentialAction":[{"@type":"ReadAction","target":["https:\/\/steinschultz.de\/en\/projekte\/querdenken-fragen-finden\/"]}]},{"@type":"ImageObject","inLanguage":"en-US","@id":"https:\/\/steinschultz.de\/en\/projekte\/querdenken-fragen-finden\/#primaryimage","url":"http:\/\/steinschultz.de\/steinschultz2014\/wp-content\/uploads\/2014\/01\/Arnsberg-2014-12.jpg","contentUrl":"http:\/\/steinschultz.de\/steinschultz2014\/wp-content\/uploads\/2014\/01\/Arnsberg-2014-12.jpg"},{"@type":"BreadcrumbList","@id":"https:\/\/steinschultz.de\/en\/projekte\/querdenken-fragen-finden\/#breadcrumb","itemListElement":[{"@type":"ListItem","position":1,"name":"Startseite","item":"https:\/\/steinschultz.de\/"},{"@type":"ListItem","position":2,"name":"Projekte","item":"https:\/\/steinschultz.de\/projekte\/"},{"@type":"ListItem","position":3,"name":"Thinking out of the box + Finding the question"}]},{"@type":"WebSite","@id":"https:\/\/steinschultz.de\/#website","url":"https:\/\/steinschultz.de\/","name":"Stein+Schultz","description":"Stadt, Regional- und Freiraumplaner","potentialAction":[{"@type":"SearchAction","target":{"@type":"EntryPoint","urlTemplate":"https:\/\/steinschultz.de\/?s={search_term_string}"},"query-input":"required name=search_term_string"}],"inLanguage":"en-US"}]}},"_links":{"self":[{"href":"https:\/\/steinschultz.de\/en\/wp-json\/wp\/v2\/pages\/105"}],"collection":[{"href":"https:\/\/steinschultz.de\/en\/wp-json\/wp\/v2\/pages"}],"about":[{"href":"https:\/\/steinschultz.de\/en\/wp-json\/wp\/v2\/types\/page"}],"author":[{"embeddable":true,"href":"https:\/\/steinschultz.de\/en\/wp-json\/wp\/v2\/users\/1"}],"replies":[{"embeddable":true,"href":"https:\/\/steinschultz.de\/en\/wp-json\/wp\/v2\/comments?post=105"}],"version-history":[{"count":44,"href":"https:\/\/steinschultz.de\/en\/wp-json\/wp\/v2\/pages\/105\/revisions"}],"predecessor-version":[{"id":1456,"href":"https:\/\/steinschultz.de\/en\/wp-json\/wp\/v2\/pages\/105\/revisions\/1456"}],"up":[{"embeddable":true,"href":"https:\/\/steinschultz.de\/en\/wp-json\/wp\/v2\/pages\/73"}],"wp:attachment":[{"href":"https:\/\/steinschultz.de\/en\/wp-json\/wp\/v2\/media?parent=105"}],"curies":[{"name":"wp","href":"https:\/\/api.w.org\/{rel}","templated":true}]}}