{"id":391,"date":"2014-01-27T20:02:09","date_gmt":"2014-01-27T19:02:09","guid":{"rendered":"http:\/\/steinschultz.de\/steinschultz2014\/?page_id=391"},"modified":"2014-04-07T08:47:14","modified_gmt":"2014-04-07T07:47:14","slug":"klaerungsprozess-internationale-bauausstellung-frankfurtrheinmain","status":"publish","type":"page","link":"https:\/\/steinschultz.de\/en\/projekte\/querdenken-fragen-finden\/klaerungsprozess-internationale-bauausstellung-frankfurtrheinmain\/","title":{"rendered":"Kl\u00e4rungsprozess Internationale Bauausstellung FrankfurtRheinMain"},"content":{"rendered":"<p>Gemeinsam mit Roland Strunk beriet Ursula Stein eine vom Hessischen Landtag eingesetzte Lenkungsgruppe, die die Potenziale einer Internationalen Bauausstellung in S\u00fcdhessen auslotete: Konzeption und Moderation eines internen Workshops, inhaltliche Ausarbeitungen zum Thema \u201eInternationalit\u00e4t\u201c und zu Organisationsprinzipien sowie die Durchf\u00fchrung einer Zukunftskonferenz mit Fachleuten und einer Kommunalkonferenz geh\u00f6rten dazu. Im Auftrag des Hessisches Ministeriums f\u00fcr Wirtschaft, Verkehr und Landesentwicklung und anderer regionaler Akteure, 2008 \u2013 2009<\/p>","protected":false},"excerpt":{"rendered":"<p>Gemeinsam mit Roland Strunk beriet Ursula Stein eine vom Hessischen Landtag eingesetzte Lenkungsgruppe, die die [&hellip;]<\/p>\n","protected":false},"author":1,"featured_media":0,"parent":105,"menu_order":5,"comment_status":"closed","ping_status":"closed","template":"","meta":{"footnotes":""},"yoast_head":"<!-- This site is optimized with the Yoast SEO plugin v22.6 - https:\/\/yoast.com\/wordpress\/plugins\/seo\/ -->\n<title>Kl\u00e4rungsprozess Internationale Bauausstellung FrankfurtRheinMain - Stein+Schultz<\/title>\n<meta name=\"robots\" content=\"index, follow, max-snippet:-1, max-image-preview:large, max-video-preview:-1\" \/>\n<link rel=\"canonical\" href=\"https:\/\/steinschultz.de\/en\/projekte\/querdenken-fragen-finden\/klaerungsprozess-internationale-bauausstellung-frankfurtrheinmain\/\" \/>\n<meta property=\"og:locale\" content=\"en_US\" \/>\n<meta property=\"og:type\" content=\"article\" \/>\n<meta property=\"og:title\" content=\"Kl\u00e4rungsprozess Internationale Bauausstellung FrankfurtRheinMain - Stein+Schultz\" \/>\n<meta property=\"og:description\" content=\"Gemeinsam mit Roland Strunk beriet Ursula Stein eine vom Hessischen Landtag eingesetzte Lenkungsgruppe, die die [&hellip;]\" \/>\n<meta property=\"og:url\" content=\"https:\/\/steinschultz.de\/en\/projekte\/querdenken-fragen-finden\/klaerungsprozess-internationale-bauausstellung-frankfurtrheinmain\/\" \/>\n<meta property=\"og:site_name\" content=\"Stein+Schultz\" \/>\n<meta property=\"article:modified_time\" content=\"2014-04-07T07:47:14+00:00\" \/>\n<meta name=\"twitter:card\" content=\"summary_large_image\" \/>\n<meta name=\"twitter:label1\" content=\"Est. reading time\" \/>\n\t<meta name=\"twitter:data1\" content=\"1 minute\" \/>\n<script type=\"application\/ld+json\" class=\"yoast-schema-graph\">{\"@context\":\"https:\/\/schema.org\",\"@graph\":[{\"@type\":\"WebPage\",\"@id\":\"https:\/\/steinschultz.de\/en\/projekte\/querdenken-fragen-finden\/klaerungsprozess-internationale-bauausstellung-frankfurtrheinmain\/\",\"url\":\"https:\/\/steinschultz.de\/en\/projekte\/querdenken-fragen-finden\/klaerungsprozess-internationale-bauausstellung-frankfurtrheinmain\/\",\"name\":\"Kl\u00e4rungsprozess Internationale Bauausstellung FrankfurtRheinMain - Stein+Schultz\",\"isPartOf\":{\"@id\":\"https:\/\/steinschultz.de\/#website\"},\"datePublished\":\"2014-01-27T19:02:09+00:00\",\"dateModified\":\"2014-04-07T07:47:14+00:00\",\"breadcrumb\":{\"@id\":\"https:\/\/steinschultz.de\/en\/projekte\/querdenken-fragen-finden\/klaerungsprozess-internationale-bauausstellung-frankfurtrheinmain\/#breadcrumb\"},\"inLanguage\":\"en-US\",\"potentialAction\":[{\"@type\":\"ReadAction\",\"target\":[\"https:\/\/steinschultz.de\/en\/projekte\/querdenken-fragen-finden\/klaerungsprozess-internationale-bauausstellung-frankfurtrheinmain\/\"]}]},{\"@type\":\"BreadcrumbList\",\"@id\":\"https:\/\/steinschultz.de\/en\/projekte\/querdenken-fragen-finden\/klaerungsprozess-internationale-bauausstellung-frankfurtrheinmain\/#breadcrumb\",\"itemListElement\":[{\"@type\":\"ListItem\",\"position\":1,\"name\":\"Startseite\",\"item\":\"https:\/\/steinschultz.de\/\"},{\"@type\":\"ListItem\",\"position\":2,\"name\":\"Projekte\",\"item\":\"https:\/\/steinschultz.de\/projekte\/\"},{\"@type\":\"ListItem\",\"position\":3,\"name\":\"Thinking out of the box + Finding the question\",\"item\":\"https:\/\/steinschultz.de\/en\/projekte\/querdenken-fragen-finden\/\"},{\"@type\":\"ListItem\",\"position\":4,\"name\":\"Kl\u00e4rungsprozess Internationale Bauausstellung FrankfurtRheinMain\"}]},{\"@type\":\"WebSite\",\"@id\":\"https:\/\/steinschultz.de\/#website\",\"url\":\"https:\/\/steinschultz.de\/\",\"name\":\"Stein+Schultz\",\"description\":\"Stadt, Regional- und Freiraumplaner\",\"potentialAction\":[{\"@type\":\"SearchAction\",\"target\":{\"@type\":\"EntryPoint\",\"urlTemplate\":\"https:\/\/steinschultz.de\/?s={search_term_string}\"},\"query-input\":\"required name=search_term_string\"}],\"inLanguage\":\"en-US\"}]}<\/script>\n<!-- \/ Yoast SEO plugin. -->","yoast_head_json":{"title":"Kl\u00e4rungsprozess Internationale Bauausstellung FrankfurtRheinMain - Stein+Schultz","robots":{"index":"index","follow":"follow","max-snippet":"max-snippet:-1","max-image-preview":"max-image-preview:large","max-video-preview":"max-video-preview:-1"},"canonical":"https:\/\/steinschultz.de\/en\/projekte\/querdenken-fragen-finden\/klaerungsprozess-internationale-bauausstellung-frankfurtrheinmain\/","og_locale":"en_US","og_type":"article","og_title":"Kl\u00e4rungsprozess Internationale Bauausstellung FrankfurtRheinMain - Stein+Schultz","og_description":"Gemeinsam mit Roland Strunk beriet Ursula Stein eine vom Hessischen Landtag eingesetzte Lenkungsgruppe, die die [&hellip;]","og_url":"https:\/\/steinschultz.de\/en\/projekte\/querdenken-fragen-finden\/klaerungsprozess-internationale-bauausstellung-frankfurtrheinmain\/","og_site_name":"Stein+Schultz","article_modified_time":"2014-04-07T07:47:14+00:00","twitter_card":"summary_large_image","twitter_misc":{"Est. reading time":"1 minute"},"schema":{"@context":"https:\/\/schema.org","@graph":[{"@type":"WebPage","@id":"https:\/\/steinschultz.de\/en\/projekte\/querdenken-fragen-finden\/klaerungsprozess-internationale-bauausstellung-frankfurtrheinmain\/","url":"https:\/\/steinschultz.de\/en\/projekte\/querdenken-fragen-finden\/klaerungsprozess-internationale-bauausstellung-frankfurtrheinmain\/","name":"Kl\u00e4rungsprozess Internationale Bauausstellung FrankfurtRheinMain - Stein+Schultz","isPartOf":{"@id":"https:\/\/steinschultz.de\/#website"},"datePublished":"2014-01-27T19:02:09+00:00","dateModified":"2014-04-07T07:47:14+00:00","breadcrumb":{"@id":"https:\/\/steinschultz.de\/en\/projekte\/querdenken-fragen-finden\/klaerungsprozess-internationale-bauausstellung-frankfurtrheinmain\/#breadcrumb"},"inLanguage":"en-US","potentialAction":[{"@type":"ReadAction","target":["https:\/\/steinschultz.de\/en\/projekte\/querdenken-fragen-finden\/klaerungsprozess-internationale-bauausstellung-frankfurtrheinmain\/"]}]},{"@type":"BreadcrumbList","@id":"https:\/\/steinschultz.de\/en\/projekte\/querdenken-fragen-finden\/klaerungsprozess-internationale-bauausstellung-frankfurtrheinmain\/#breadcrumb","itemListElement":[{"@type":"ListItem","position":1,"name":"Startseite","item":"https:\/\/steinschultz.de\/"},{"@type":"ListItem","position":2,"name":"Projekte","item":"https:\/\/steinschultz.de\/projekte\/"},{"@type":"ListItem","position":3,"name":"Thinking out of the box + Finding the question","item":"https:\/\/steinschultz.de\/en\/projekte\/querdenken-fragen-finden\/"},{"@type":"ListItem","position":4,"name":"Kl\u00e4rungsprozess Internationale Bauausstellung FrankfurtRheinMain"}]},{"@type":"WebSite","@id":"https:\/\/steinschultz.de\/#website","url":"https:\/\/steinschultz.de\/","name":"Stein+Schultz","description":"Stadt, Regional- und Freiraumplaner","potentialAction":[{"@type":"SearchAction","target":{"@type":"EntryPoint","urlTemplate":"https:\/\/steinschultz.de\/?s={search_term_string}"},"query-input":"required name=search_term_string"}],"inLanguage":"en-US"}]}},"_links":{"self":[{"href":"https:\/\/steinschultz.de\/en\/wp-json\/wp\/v2\/pages\/391"}],"collection":[{"href":"https:\/\/steinschultz.de\/en\/wp-json\/wp\/v2\/pages"}],"about":[{"href":"https:\/\/steinschultz.de\/en\/wp-json\/wp\/v2\/types\/page"}],"author":[{"embeddable":true,"href":"https:\/\/steinschultz.de\/en\/wp-json\/wp\/v2\/users\/1"}],"replies":[{"embeddable":true,"href":"https:\/\/steinschultz.de\/en\/wp-json\/wp\/v2\/comments?post=391"}],"version-history":[{"count":2,"href":"https:\/\/steinschultz.de\/en\/wp-json\/wp\/v2\/pages\/391\/revisions"}],"predecessor-version":[{"id":1070,"href":"https:\/\/steinschultz.de\/en\/wp-json\/wp\/v2\/pages\/391\/revisions\/1070"}],"up":[{"embeddable":true,"href":"https:\/\/steinschultz.de\/en\/wp-json\/wp\/v2\/pages\/105"}],"wp:attachment":[{"href":"https:\/\/steinschultz.de\/en\/wp-json\/wp\/v2\/media?parent=391"}],"curies":[{"name":"wp","href":"https:\/\/api.w.org\/{rel}","templated":true}]}}