{"id":401,"date":"2014-01-27T20:16:23","date_gmt":"2014-01-27T19:16:23","guid":{"rendered":"http:\/\/steinschultz.de\/steinschultz2014\/?page_id=401"},"modified":"2014-04-07T09:13:38","modified_gmt":"2014-04-07T08:13:38","slug":"bewegtes-land-mobilitaet-in-die-flaeche-bringen","status":"publish","type":"page","link":"https:\/\/steinschultz.de\/en\/projekte\/raum-erkunden-talente-erkennen\/bewegtes-land-mobilitaet-in-die-flaeche-bringen\/","title":{"rendered":"Mobility for rural areas"},"content":{"rendered":"<p>Unter der Federf\u00fchrung der Stadt Olfen entwickeln Gemeinden am s\u00fcdlichen Rand des M\u00fcnsterlandes innovative Konzepte f\u00fcr eine nachhaltige Nahmobilit\u00e4t im l\u00e4ndlichen Raum. Henrik Schultz und Ursula Stein helfen bei der Erarbeitung einer Projektstudie mit den Themen \u201eAnrufb\u00fcrgerbus\u201c, \u201eBedarfsorientierter Schulbus\u201c, \u201eE-Mobilit\u00e4tsachsen und \u2013 Stationen\u201c, \u201e\u00d6ffentliche Landschaft mit Orientierungssystemen f\u00fcr Fu\u00dfg\u00e4nger und Radfahrer\u201c, im Auftrag der St\u00e4dte Olfen, Haltern am See, Selm, der Gemeinde Nordkirchen und dem Zweckverband \u00d6PNV, seit 2012<\/p>\n<p><div data-carousel-extra='{\"blog_id\":1,\"permalink\":\"https:\\\/\\\/steinschultz.de\\\/en\\\/projekte\\\/raum-erkunden-talente-erkennen\\\/bewegtes-land-mobilitaet-in-die-flaeche-bringen\\\/\"}' class=\"tiled-gallery type-rectangular\" data-original-width=\"680\"><div class=\"gallery-row\" style=\"width: 675px; height: 351px;\"><div class=\"gallery-group images-2\" style=\"width: 312px; height: 355px;\"><div class=\"tiled-gallery-item tiled-gallery-item-large\"><a href=\"https:\/\/steinschultz.de\/steinschultz2014\/wp-content\/uploads\/2014\/02\/BewegtesLand3.jpg\" rel=\"shadowbox[sbpost-401];player=img;\" title=\"Bewegtes Land\"><img data-attachment-id=\"455\" data-orig-file=\"https:\/\/steinschultz.de\/steinschultz2014\/wp-content\/uploads\/2014\/02\/BewegtesLand3.jpg\" data-orig-size=\"680,348\" data-comments-opened=\"0\" data-image-meta=\"{&quot;aperture&quot;:&quot;0&quot;,&quot;credit&quot;:&quot;&quot;,&quot;camera&quot;:&quot;&quot;,&quot;caption&quot;:&quot;&quot;,&quot;created_timestamp&quot;:&quot;0&quot;,&quot;copyright&quot;:&quot;&quot;,&quot;focal_length&quot;:&quot;0&quot;,&quot;iso&quot;:&quot;0&quot;,&quot;shutter_speed&quot;:&quot;0&quot;,&quot;title&quot;:&quot;&quot;}\" data-image-title=\"Bewegtes Land\" data-image-description=\"\" data-medium-file=\"https:\/\/steinschultz.de\/steinschultz2014\/wp-content\/uploads\/2014\/02\/BewegtesLand3-300x153.jpg\" data-large-file=\"https:\/\/steinschultz.de\/steinschultz2014\/wp-content\/uploads\/2014\/02\/BewegtesLand3.jpg\" src=\"https:\/\/steinschultz.de\/steinschultz2014\/wp-content\/uploads\/2014\/02\/BewegtesLand3-308x158.jpg\" width=\"308\" height=\"158\" align=\"left\" title=\"Bewegtes Land\" \/><\/a><div class=\"tiled-gallery-caption\">Bewegtes Land<\/div><\/div><div class=\"tiled-gallery-item tiled-gallery-item-large\"><a href=\"https:\/\/steinschultz.de\/steinschultz2014\/wp-content\/uploads\/2014\/02\/BewegtesLand2.gif\" rel=\"shadowbox[sbpost-401];player=img;\" title=\"Bewegtes Land\"><img data-attachment-id=\"454\" data-orig-file=\"https:\/\/steinschultz.de\/steinschultz2014\/wp-content\/uploads\/2014\/02\/BewegtesLand2.gif\" data-orig-size=\"680,417\" data-comments-opened=\"0\" data-image-meta=\"{&quot;aperture&quot;:&quot;0&quot;,&quot;credit&quot;:&quot;&quot;,&quot;camera&quot;:&quot;&quot;,&quot;caption&quot;:&quot;&quot;,&quot;created_timestamp&quot;:&quot;0&quot;,&quot;copyright&quot;:&quot;&quot;,&quot;focal_length&quot;:&quot;0&quot;,&quot;iso&quot;:&quot;0&quot;,&quot;shutter_speed&quot;:&quot;0&quot;,&quot;title&quot;:&quot;&quot;}\" data-image-title=\"Bewegtes Land\" data-image-description=\"\" data-medium-file=\"https:\/\/steinschultz.de\/steinschultz2014\/wp-content\/uploads\/2014\/02\/BewegtesLand2-300x183.gif\" data-large-file=\"https:\/\/steinschultz.de\/steinschultz2014\/wp-content\/uploads\/2014\/02\/BewegtesLand2.gif\" src=\"https:\/\/steinschultz.de\/steinschultz2014\/wp-content\/uploads\/2014\/02\/BewegtesLand2-308x189.gif\" width=\"308\" height=\"189\" align=\"left\" title=\"Bewegtes Land\" \/><\/a><div class=\"tiled-gallery-caption\">Bewegtes Land<\/div><\/div><\/div><div class=\"gallery-group images-1\" style=\"width: 363px; height: 355px;\"><div class=\"tiled-gallery-item tiled-gallery-item-large\"><a href=\"https:\/\/steinschultz.de\/steinschultz2014\/wp-content\/uploads\/2014\/02\/BewegtesLand1.gif\" rel=\"shadowbox[sbpost-401];player=img;\" title=\"Bewegtes Land\"><img data-attachment-id=\"453\" data-orig-file=\"https:\/\/steinschultz.de\/steinschultz2014\/wp-content\/uploads\/2014\/02\/BewegtesLand1.gif\" data-orig-size=\"680,664\" data-comments-opened=\"0\" data-image-meta=\"{&quot;aperture&quot;:&quot;0&quot;,&quot;credit&quot;:&quot;&quot;,&quot;camera&quot;:&quot;&quot;,&quot;caption&quot;:&quot;&quot;,&quot;created_timestamp&quot;:&quot;0&quot;,&quot;copyright&quot;:&quot;&quot;,&quot;focal_length&quot;:&quot;0&quot;,&quot;iso&quot;:&quot;0&quot;,&quot;shutter_speed&quot;:&quot;0&quot;,&quot;title&quot;:&quot;&quot;}\" data-image-title=\"Bewegtes Land\" data-image-description=\"\" data-medium-file=\"https:\/\/steinschultz.de\/steinschultz2014\/wp-content\/uploads\/2014\/02\/BewegtesLand1-300x292.gif\" data-large-file=\"https:\/\/steinschultz.de\/steinschultz2014\/wp-content\/uploads\/2014\/02\/BewegtesLand1.gif\" src=\"https:\/\/steinschultz.de\/steinschultz2014\/wp-content\/uploads\/2014\/02\/BewegtesLand1-359x351.gif\" width=\"359\" height=\"351\" align=\"left\" title=\"Bewegtes Land\" \/><\/a><div class=\"tiled-gallery-caption\">Bewegtes Land<\/div><\/div><\/div><\/div><\/div><\/p>","protected":false},"excerpt":{"rendered":"<p>Unter der Federf\u00fchrung der Stadt Olfen entwickeln Gemeinden am s\u00fcdlichen Rand des M\u00fcnsterlandes innovative Konzepte [&hellip;]<\/p>\n","protected":false},"author":1,"featured_media":0,"parent":108,"menu_order":2,"comment_status":"closed","ping_status":"closed","template":"","meta":{"footnotes":""},"yoast_head":"<!-- This site is optimized with the Yoast SEO plugin v22.6 - https:\/\/yoast.com\/wordpress\/plugins\/seo\/ -->\n<title>Mobility for rural areas - Stein+Schultz<\/title>\n<meta name=\"robots\" content=\"index, follow, max-snippet:-1, max-image-preview:large, max-video-preview:-1\" \/>\n<link rel=\"canonical\" href=\"https:\/\/steinschultz.de\/projekte\/raum-erkunden-talente-erkennen\/bewegtes-land-mobilitaet-in-die-flaeche-bringen\/\" \/>\n<meta property=\"og:locale\" content=\"en_US\" \/>\n<meta property=\"og:type\" content=\"article\" \/>\n<meta property=\"og:title\" content=\"Mobility for rural areas - Stein+Schultz\" \/>\n<meta property=\"og:description\" content=\"Unter der Federf\u00fchrung der Stadt Olfen entwickeln Gemeinden am s\u00fcdlichen Rand des M\u00fcnsterlandes innovative Konzepte [&hellip;]\" \/>\n<meta property=\"og:url\" content=\"https:\/\/steinschultz.de\/projekte\/raum-erkunden-talente-erkennen\/bewegtes-land-mobilitaet-in-die-flaeche-bringen\/\" \/>\n<meta property=\"og:site_name\" content=\"Stein+Schultz\" \/>\n<meta property=\"article:modified_time\" content=\"2014-04-07T08:13:38+00:00\" \/>\n<meta property=\"og:image\" content=\"https:\/\/steinschultz.de\/steinschultz2014\/wp-content\/uploads\/2014\/02\/BewegtesLand3-308x158.jpg\" \/>\n<meta name=\"twitter:card\" content=\"summary_large_image\" \/>\n<meta name=\"twitter:label1\" content=\"Est. reading time\" \/>\n\t<meta name=\"twitter:data1\" content=\"1 minute\" \/>\n<script type=\"application\/ld+json\" class=\"yoast-schema-graph\">{\"@context\":\"https:\/\/schema.org\",\"@graph\":[{\"@type\":\"WebPage\",\"@id\":\"https:\/\/steinschultz.de\/projekte\/raum-erkunden-talente-erkennen\/bewegtes-land-mobilitaet-in-die-flaeche-bringen\/\",\"url\":\"https:\/\/steinschultz.de\/projekte\/raum-erkunden-talente-erkennen\/bewegtes-land-mobilitaet-in-die-flaeche-bringen\/\",\"name\":\"Mobility for rural areas - Stein+Schultz\",\"isPartOf\":{\"@id\":\"https:\/\/steinschultz.de\/#website\"},\"datePublished\":\"2014-01-27T19:16:23+00:00\",\"dateModified\":\"2014-04-07T08:13:38+00:00\",\"breadcrumb\":{\"@id\":\"https:\/\/steinschultz.de\/projekte\/raum-erkunden-talente-erkennen\/bewegtes-land-mobilitaet-in-die-flaeche-bringen\/#breadcrumb\"},\"inLanguage\":\"en-US\",\"potentialAction\":[{\"@type\":\"ReadAction\",\"target\":[\"https:\/\/steinschultz.de\/projekte\/raum-erkunden-talente-erkennen\/bewegtes-land-mobilitaet-in-die-flaeche-bringen\/\"]}]},{\"@type\":\"BreadcrumbList\",\"@id\":\"https:\/\/steinschultz.de\/projekte\/raum-erkunden-talente-erkennen\/bewegtes-land-mobilitaet-in-die-flaeche-bringen\/#breadcrumb\",\"itemListElement\":[{\"@type\":\"ListItem\",\"position\":1,\"name\":\"Startseite\",\"item\":\"https:\/\/steinschultz.de\/\"},{\"@type\":\"ListItem\",\"position\":2,\"name\":\"Projekte\",\"item\":\"https:\/\/steinschultz.de\/projekte\/\"},{\"@type\":\"ListItem\",\"position\":3,\"name\":\"Raum erkunden + Talente erkennen\",\"item\":\"https:\/\/steinschultz.de\/projekte\/raum-erkunden-talente-erkennen\/\"},{\"@type\":\"ListItem\",\"position\":4,\"name\":\"Bewegtes Land \u2013 Mobilit\u00e4t in die Fl\u00e4che bringen\"}]},{\"@type\":\"WebSite\",\"@id\":\"https:\/\/steinschultz.de\/#website\",\"url\":\"https:\/\/steinschultz.de\/\",\"name\":\"Stein+Schultz\",\"description\":\"Stadt, Regional- und Freiraumplaner\",\"potentialAction\":[{\"@type\":\"SearchAction\",\"target\":{\"@type\":\"EntryPoint\",\"urlTemplate\":\"https:\/\/steinschultz.de\/?s={search_term_string}\"},\"query-input\":\"required name=search_term_string\"}],\"inLanguage\":\"en-US\"}]}<\/script>\n<!-- \/ Yoast SEO plugin. -->","yoast_head_json":{"title":"Mobility for rural areas - Stein+Schultz","robots":{"index":"index","follow":"follow","max-snippet":"max-snippet:-1","max-image-preview":"max-image-preview:large","max-video-preview":"max-video-preview:-1"},"canonical":"https:\/\/steinschultz.de\/projekte\/raum-erkunden-talente-erkennen\/bewegtes-land-mobilitaet-in-die-flaeche-bringen\/","og_locale":"en_US","og_type":"article","og_title":"Mobility for rural areas - Stein+Schultz","og_description":"Unter der Federf\u00fchrung der Stadt Olfen entwickeln Gemeinden am s\u00fcdlichen Rand des M\u00fcnsterlandes innovative Konzepte [&hellip;]","og_url":"https:\/\/steinschultz.de\/projekte\/raum-erkunden-talente-erkennen\/bewegtes-land-mobilitaet-in-die-flaeche-bringen\/","og_site_name":"Stein+Schultz","article_modified_time":"2014-04-07T08:13:38+00:00","og_image":[{"url":"https:\/\/steinschultz.de\/steinschultz2014\/wp-content\/uploads\/2014\/02\/BewegtesLand3-308x158.jpg"}],"twitter_card":"summary_large_image","twitter_misc":{"Est. reading time":"1 minute"},"schema":{"@context":"https:\/\/schema.org","@graph":[{"@type":"WebPage","@id":"https:\/\/steinschultz.de\/projekte\/raum-erkunden-talente-erkennen\/bewegtes-land-mobilitaet-in-die-flaeche-bringen\/","url":"https:\/\/steinschultz.de\/projekte\/raum-erkunden-talente-erkennen\/bewegtes-land-mobilitaet-in-die-flaeche-bringen\/","name":"Mobility for rural areas - Stein+Schultz","isPartOf":{"@id":"https:\/\/steinschultz.de\/#website"},"datePublished":"2014-01-27T19:16:23+00:00","dateModified":"2014-04-07T08:13:38+00:00","breadcrumb":{"@id":"https:\/\/steinschultz.de\/projekte\/raum-erkunden-talente-erkennen\/bewegtes-land-mobilitaet-in-die-flaeche-bringen\/#breadcrumb"},"inLanguage":"en-US","potentialAction":[{"@type":"ReadAction","target":["https:\/\/steinschultz.de\/projekte\/raum-erkunden-talente-erkennen\/bewegtes-land-mobilitaet-in-die-flaeche-bringen\/"]}]},{"@type":"BreadcrumbList","@id":"https:\/\/steinschultz.de\/projekte\/raum-erkunden-talente-erkennen\/bewegtes-land-mobilitaet-in-die-flaeche-bringen\/#breadcrumb","itemListElement":[{"@type":"ListItem","position":1,"name":"Startseite","item":"https:\/\/steinschultz.de\/"},{"@type":"ListItem","position":2,"name":"Projekte","item":"https:\/\/steinschultz.de\/projekte\/"},{"@type":"ListItem","position":3,"name":"Raum erkunden + Talente erkennen","item":"https:\/\/steinschultz.de\/projekte\/raum-erkunden-talente-erkennen\/"},{"@type":"ListItem","position":4,"name":"Bewegtes Land \u2013 Mobilit\u00e4t in die Fl\u00e4che bringen"}]},{"@type":"WebSite","@id":"https:\/\/steinschultz.de\/#website","url":"https:\/\/steinschultz.de\/","name":"Stein+Schultz","description":"Stadt, Regional- und Freiraumplaner","potentialAction":[{"@type":"SearchAction","target":{"@type":"EntryPoint","urlTemplate":"https:\/\/steinschultz.de\/?s={search_term_string}"},"query-input":"required name=search_term_string"}],"inLanguage":"en-US"}]}},"_links":{"self":[{"href":"https:\/\/steinschultz.de\/en\/wp-json\/wp\/v2\/pages\/401"}],"collection":[{"href":"https:\/\/steinschultz.de\/en\/wp-json\/wp\/v2\/pages"}],"about":[{"href":"https:\/\/steinschultz.de\/en\/wp-json\/wp\/v2\/types\/page"}],"author":[{"embeddable":true,"href":"https:\/\/steinschultz.de\/en\/wp-json\/wp\/v2\/users\/1"}],"replies":[{"embeddable":true,"href":"https:\/\/steinschultz.de\/en\/wp-json\/wp\/v2\/comments?post=401"}],"version-history":[{"count":5,"href":"https:\/\/steinschultz.de\/en\/wp-json\/wp\/v2\/pages\/401\/revisions"}],"predecessor-version":[{"id":1082,"href":"https:\/\/steinschultz.de\/en\/wp-json\/wp\/v2\/pages\/401\/revisions\/1082"}],"up":[{"embeddable":true,"href":"https:\/\/steinschultz.de\/en\/wp-json\/wp\/v2\/pages\/108"}],"wp:attachment":[{"href":"https:\/\/steinschultz.de\/en\/wp-json\/wp\/v2\/media?parent=401"}],"curies":[{"name":"wp","href":"https:\/\/api.w.org\/{rel}","templated":true}]}}