{"id":797,"date":"2014-03-17T11:53:08","date_gmt":"2014-03-17T10:53:08","guid":{"rendered":"http:\/\/steinschultz.de\/steinschultz2014\/?page_id=797"},"modified":"2014-04-07T10:41:27","modified_gmt":"2014-04-07T09:41:27","slug":"koeln-gruenguertel-impuls-2012","status":"publish","type":"page","link":"https:\/\/steinschultz.de\/en\/projekte\/kommunikativ-planen-konflikte-loesen\/koeln-gruenguertel-impuls-2012\/","title":{"rendered":"K\u00f6ln: Gr\u00fcng\u00fcrtel Impuls 2012"},"content":{"rendered":"<p>Zwei Gr\u00fcng\u00fcrtel pr\u00e4gen seit den 1920er Jahren den Stadtgrundriss von K\u00f6ln. Die <a title=\"Zur Website der K\u00f6lner Gr\u00fcn Stiftung\" href=\"http:\/\/www.koelner-gruen.de\">K\u00f6lner Gr\u00fcn Stiftung<\/a> sponsorte den Masterplan f\u00fcr die Sicherung und Entwicklung des \u00c4u\u00dferen Gr\u00fcng\u00fcrtels, der von WGF Landschaft (Prof. G. Aufmkolk und Christoph Tauscher) und von Albert Speer &#038; Partner erarbeitet wurde. Nach intensiver Werkstattarbeit mit den B\u00fcrgern, Politik und Fach\u00f6ffentlichkeit, konzipiert und moderiert von Ursula Stein, war das Votum in den Abschlussveranstaltungen im Mai 2012 eindeutig: \u201eGut, dass es das Entwicklungskonzept gibt \u2013 jetzt muss es politisch verbindlich gemacht werden!\u201c Im April 2013 wurden das Konzept vom Rat der Stadt K\u00f6ln einstimmig beschlossen und die Gr\u00fcng\u00fcrtel-Charta von Stadt und Stiftung unterzeichnet. Ein Auftrag der Stadt K\u00f6ln, 2011-2012<\/p>\n<div data-carousel-extra='{\"blog_id\":1,\"permalink\":\"https:\\\/\\\/steinschultz.de\\\/en\\\/projekte\\\/kommunikativ-planen-konflikte-loesen\\\/koeln-gruenguertel-impuls-2012\\\/\"}' class=\"tiled-gallery type-rectangular\" data-original-width=\"680\"><div class=\"gallery-row\" style=\"width: 675px; height: 321px;\"><div class=\"gallery-group images-1\" style=\"width: 431px; height: 325px;\"><div class=\"tiled-gallery-item tiled-gallery-item-large\"><a href=\"https:\/\/steinschultz.de\/steinschultz2014\/wp-content\/uploads\/2014\/02\/Koeln-Gruenguertel1.jpg\" rel=\"shadowbox[sbpost-797];player=img;\" title=\"K\u00f6lner Gr\u00fcng\u00fcrtel\"><img data-attachment-id=\"466\" data-orig-file=\"https:\/\/steinschultz.de\/steinschultz2014\/wp-content\/uploads\/2014\/02\/Koeln-Gruenguertel1.jpg\" data-orig-size=\"680,511\" data-comments-opened=\"0\" data-image-meta=\"{&quot;aperture&quot;:&quot;0&quot;,&quot;credit&quot;:&quot;&quot;,&quot;camera&quot;:&quot;&quot;,&quot;caption&quot;:&quot;&quot;,&quot;created_timestamp&quot;:&quot;0&quot;,&quot;copyright&quot;:&quot;&quot;,&quot;focal_length&quot;:&quot;0&quot;,&quot;iso&quot;:&quot;0&quot;,&quot;shutter_speed&quot;:&quot;0&quot;,&quot;title&quot;:&quot;&quot;}\" data-image-title=\"K\u00f6lner Gr\u00fcng\u00fcrtel\" data-image-description=\"\" data-medium-file=\"https:\/\/steinschultz.de\/steinschultz2014\/wp-content\/uploads\/2014\/02\/Koeln-Gruenguertel1-300x225.jpg\" data-large-file=\"https:\/\/steinschultz.de\/steinschultz2014\/wp-content\/uploads\/2014\/02\/Koeln-Gruenguertel1.jpg\" src=\"https:\/\/steinschultz.de\/steinschultz2014\/wp-content\/uploads\/2014\/02\/Koeln-Gruenguertel1-427x321.jpg\" width=\"427\" height=\"321\" align=\"left\" title=\"K\u00f6lner Gr\u00fcng\u00fcrtel\" \/><\/a><div class=\"tiled-gallery-caption\">K\u00f6lner Gr\u00fcng\u00fcrtel<\/div><\/div><\/div><div class=\"gallery-group images-2\" style=\"width: 244px; height: 325px;\"><div class=\"tiled-gallery-item tiled-gallery-item-small\"><a href=\"https:\/\/steinschultz.de\/steinschultz2014\/wp-content\/uploads\/2014\/02\/Koeln-Gruenguertel-2-roh.jpg\" rel=\"shadowbox[sbpost-797];player=img;\" title=\"K\u00f6lner Gr\u00fcng\u00fcrtel\"><img data-attachment-id=\"465\" data-orig-file=\"https:\/\/steinschultz.de\/steinschultz2014\/wp-content\/uploads\/2014\/02\/Koeln-Gruenguertel-2-roh.jpg\" data-orig-size=\"680,510\" data-comments-opened=\"0\" data-image-meta=\"{&quot;aperture&quot;:&quot;0&quot;,&quot;credit&quot;:&quot;&quot;,&quot;camera&quot;:&quot;&quot;,&quot;caption&quot;:&quot;&quot;,&quot;created_timestamp&quot;:&quot;0&quot;,&quot;copyright&quot;:&quot;&quot;,&quot;focal_length&quot;:&quot;0&quot;,&quot;iso&quot;:&quot;0&quot;,&quot;shutter_speed&quot;:&quot;0&quot;,&quot;title&quot;:&quot;&quot;}\" data-image-title=\"K\u00f6lner Gr\u00fcng\u00fcrtel\" data-image-description=\"\" data-medium-file=\"https:\/\/steinschultz.de\/steinschultz2014\/wp-content\/uploads\/2014\/02\/Koeln-Gruenguertel-2-roh-300x225.jpg\" data-large-file=\"https:\/\/steinschultz.de\/steinschultz2014\/wp-content\/uploads\/2014\/02\/Koeln-Gruenguertel-2-roh.jpg\" src=\"https:\/\/steinschultz.de\/steinschultz2014\/wp-content\/uploads\/2014\/02\/Koeln-Gruenguertel-2-roh-240x180.jpg\" width=\"240\" height=\"180\" align=\"left\" title=\"K\u00f6lner Gr\u00fcng\u00fcrtel\" \/><\/a><div class=\"tiled-gallery-caption\">K\u00f6lner Gr\u00fcng\u00fcrtel<\/div><\/div><div class=\"tiled-gallery-item tiled-gallery-item-small\"><a href=\"https:\/\/steinschultz.de\/steinschultz2014\/wp-content\/uploads\/2014\/02\/Koeln-Gruenguertel3.gif\" rel=\"shadowbox[sbpost-797];player=img;\" title=\"K\u00f6lner Gr\u00fcng\u00fcrtel\"><img data-attachment-id=\"467\" data-orig-file=\"https:\/\/steinschultz.de\/steinschultz2014\/wp-content\/uploads\/2014\/02\/Koeln-Gruenguertel3.gif\" data-orig-size=\"680,389\" data-comments-opened=\"0\" data-image-meta=\"{&quot;aperture&quot;:&quot;0&quot;,&quot;credit&quot;:&quot;&quot;,&quot;camera&quot;:&quot;&quot;,&quot;caption&quot;:&quot;&quot;,&quot;created_timestamp&quot;:&quot;0&quot;,&quot;copyright&quot;:&quot;&quot;,&quot;focal_length&quot;:&quot;0&quot;,&quot;iso&quot;:&quot;0&quot;,&quot;shutter_speed&quot;:&quot;0&quot;,&quot;title&quot;:&quot;&quot;}\" data-image-title=\"K\u00f6lner Gr\u00fcng\u00fcrtel\" data-image-description=\"\" data-medium-file=\"https:\/\/steinschultz.de\/steinschultz2014\/wp-content\/uploads\/2014\/02\/Koeln-Gruenguertel3-300x171.gif\" data-large-file=\"https:\/\/steinschultz.de\/steinschultz2014\/wp-content\/uploads\/2014\/02\/Koeln-Gruenguertel3.gif\" src=\"https:\/\/steinschultz.de\/steinschultz2014\/wp-content\/uploads\/2014\/02\/Koeln-Gruenguertel3-240x137.gif\" width=\"240\" height=\"137\" align=\"left\" title=\"K\u00f6lner Gr\u00fcng\u00fcrtel\" \/><\/a><div class=\"tiled-gallery-caption\">K\u00f6lner Gr\u00fcng\u00fcrtel<\/div><\/div><\/div><\/div><\/div>\n<p>Das Buch dazu: K\u00f6lner Gr\u00fcn Stiftung (Hg.): Gr\u00fcng\u00fcrtel Impuls K\u00f6ln. Grundlage zur Vollendung einer Vision. Greven Verlag, K\u00f6ln 2013<\/p>","protected":false},"excerpt":{"rendered":"<p>Zwei Gr\u00fcng\u00fcrtel pr\u00e4gen seit den 1920er Jahren den Stadtgrundriss von K\u00f6ln. Die K\u00f6lner Gr\u00fcn Stiftung [&hellip;]<\/p>\n","protected":false},"author":1,"featured_media":0,"parent":101,"menu_order":0,"comment_status":"closed","ping_status":"closed","template":"","meta":{"footnotes":""},"yoast_head":"<!-- This site is optimized with the Yoast SEO plugin v22.6 - https:\/\/yoast.com\/wordpress\/plugins\/seo\/ -->\n<title>K\u00f6ln: Gr\u00fcng\u00fcrtel Impuls 2012 - Stein+Schultz<\/title>\n<meta name=\"robots\" content=\"index, follow, max-snippet:-1, max-image-preview:large, max-video-preview:-1\" \/>\n<link rel=\"canonical\" href=\"https:\/\/steinschultz.de\/projekte\/kommunikativ-planen-konflikte-loesen\/koeln-gruenguertel-impuls-2012\/\" \/>\n<meta property=\"og:locale\" content=\"en_US\" \/>\n<meta property=\"og:type\" content=\"article\" \/>\n<meta property=\"og:title\" content=\"K\u00f6ln: Gr\u00fcng\u00fcrtel Impuls 2012 - Stein+Schultz\" \/>\n<meta property=\"og:description\" content=\"Zwei Gr\u00fcng\u00fcrtel pr\u00e4gen seit den 1920er Jahren den Stadtgrundriss von K\u00f6ln. Die K\u00f6lner Gr\u00fcn Stiftung [&hellip;]\" \/>\n<meta property=\"og:url\" content=\"https:\/\/steinschultz.de\/projekte\/kommunikativ-planen-konflikte-loesen\/koeln-gruenguertel-impuls-2012\/\" \/>\n<meta property=\"og:site_name\" content=\"Stein+Schultz\" \/>\n<meta property=\"article:modified_time\" content=\"2014-04-07T09:41:27+00:00\" \/>\n<meta property=\"og:image\" content=\"https:\/\/steinschultz.de\/steinschultz2014\/wp-content\/uploads\/2014\/02\/Koeln-Gruenguertel1-427x321.jpg\" \/>\n<meta name=\"twitter:card\" content=\"summary_large_image\" \/>\n<meta name=\"twitter:label1\" content=\"Est. reading time\" \/>\n\t<meta name=\"twitter:data1\" content=\"2 minutes\" \/>\n<script type=\"application\/ld+json\" class=\"yoast-schema-graph\">{\"@context\":\"https:\/\/schema.org\",\"@graph\":[{\"@type\":\"WebPage\",\"@id\":\"https:\/\/steinschultz.de\/projekte\/kommunikativ-planen-konflikte-loesen\/koeln-gruenguertel-impuls-2012\/\",\"url\":\"https:\/\/steinschultz.de\/projekte\/kommunikativ-planen-konflikte-loesen\/koeln-gruenguertel-impuls-2012\/\",\"name\":\"K\u00f6ln: Gr\u00fcng\u00fcrtel Impuls 2012 - Stein+Schultz\",\"isPartOf\":{\"@id\":\"https:\/\/steinschultz.de\/#website\"},\"datePublished\":\"2014-03-17T10:53:08+00:00\",\"dateModified\":\"2014-04-07T09:41:27+00:00\",\"breadcrumb\":{\"@id\":\"https:\/\/steinschultz.de\/projekte\/kommunikativ-planen-konflikte-loesen\/koeln-gruenguertel-impuls-2012\/#breadcrumb\"},\"inLanguage\":\"en-US\",\"potentialAction\":[{\"@type\":\"ReadAction\",\"target\":[\"https:\/\/steinschultz.de\/projekte\/kommunikativ-planen-konflikte-loesen\/koeln-gruenguertel-impuls-2012\/\"]}]},{\"@type\":\"BreadcrumbList\",\"@id\":\"https:\/\/steinschultz.de\/projekte\/kommunikativ-planen-konflikte-loesen\/koeln-gruenguertel-impuls-2012\/#breadcrumb\",\"itemListElement\":[{\"@type\":\"ListItem\",\"position\":1,\"name\":\"Startseite\",\"item\":\"https:\/\/steinschultz.de\/\"},{\"@type\":\"ListItem\",\"position\":2,\"name\":\"Projekte\",\"item\":\"https:\/\/steinschultz.de\/projekte\/\"},{\"@type\":\"ListItem\",\"position\":3,\"name\":\"Communicative planning + conflict resolution\",\"item\":\"https:\/\/steinschultz.de\/en\/projekte\/kommunikativ-planen-konflikte-loesen\/\"},{\"@type\":\"ListItem\",\"position\":4,\"name\":\"K\u00f6ln: Gr\u00fcng\u00fcrtel Impuls 2012\"}]},{\"@type\":\"WebSite\",\"@id\":\"https:\/\/steinschultz.de\/#website\",\"url\":\"https:\/\/steinschultz.de\/\",\"name\":\"Stein+Schultz\",\"description\":\"Stadt, Regional- und Freiraumplaner\",\"potentialAction\":[{\"@type\":\"SearchAction\",\"target\":{\"@type\":\"EntryPoint\",\"urlTemplate\":\"https:\/\/steinschultz.de\/?s={search_term_string}\"},\"query-input\":\"required name=search_term_string\"}],\"inLanguage\":\"en-US\"}]}<\/script>\n<!-- \/ Yoast SEO plugin. -->","yoast_head_json":{"title":"K\u00f6ln: Gr\u00fcng\u00fcrtel Impuls 2012 - Stein+Schultz","robots":{"index":"index","follow":"follow","max-snippet":"max-snippet:-1","max-image-preview":"max-image-preview:large","max-video-preview":"max-video-preview:-1"},"canonical":"https:\/\/steinschultz.de\/projekte\/kommunikativ-planen-konflikte-loesen\/koeln-gruenguertel-impuls-2012\/","og_locale":"en_US","og_type":"article","og_title":"K\u00f6ln: Gr\u00fcng\u00fcrtel Impuls 2012 - Stein+Schultz","og_description":"Zwei Gr\u00fcng\u00fcrtel pr\u00e4gen seit den 1920er Jahren den Stadtgrundriss von K\u00f6ln. Die K\u00f6lner Gr\u00fcn Stiftung [&hellip;]","og_url":"https:\/\/steinschultz.de\/projekte\/kommunikativ-planen-konflikte-loesen\/koeln-gruenguertel-impuls-2012\/","og_site_name":"Stein+Schultz","article_modified_time":"2014-04-07T09:41:27+00:00","og_image":[{"url":"https:\/\/steinschultz.de\/steinschultz2014\/wp-content\/uploads\/2014\/02\/Koeln-Gruenguertel1-427x321.jpg"}],"twitter_card":"summary_large_image","twitter_misc":{"Est. reading time":"2 minutes"},"schema":{"@context":"https:\/\/schema.org","@graph":[{"@type":"WebPage","@id":"https:\/\/steinschultz.de\/projekte\/kommunikativ-planen-konflikte-loesen\/koeln-gruenguertel-impuls-2012\/","url":"https:\/\/steinschultz.de\/projekte\/kommunikativ-planen-konflikte-loesen\/koeln-gruenguertel-impuls-2012\/","name":"K\u00f6ln: Gr\u00fcng\u00fcrtel Impuls 2012 - Stein+Schultz","isPartOf":{"@id":"https:\/\/steinschultz.de\/#website"},"datePublished":"2014-03-17T10:53:08+00:00","dateModified":"2014-04-07T09:41:27+00:00","breadcrumb":{"@id":"https:\/\/steinschultz.de\/projekte\/kommunikativ-planen-konflikte-loesen\/koeln-gruenguertel-impuls-2012\/#breadcrumb"},"inLanguage":"en-US","potentialAction":[{"@type":"ReadAction","target":["https:\/\/steinschultz.de\/projekte\/kommunikativ-planen-konflikte-loesen\/koeln-gruenguertel-impuls-2012\/"]}]},{"@type":"BreadcrumbList","@id":"https:\/\/steinschultz.de\/projekte\/kommunikativ-planen-konflikte-loesen\/koeln-gruenguertel-impuls-2012\/#breadcrumb","itemListElement":[{"@type":"ListItem","position":1,"name":"Startseite","item":"https:\/\/steinschultz.de\/"},{"@type":"ListItem","position":2,"name":"Projekte","item":"https:\/\/steinschultz.de\/projekte\/"},{"@type":"ListItem","position":3,"name":"Communicative planning + conflict resolution","item":"https:\/\/steinschultz.de\/en\/projekte\/kommunikativ-planen-konflikte-loesen\/"},{"@type":"ListItem","position":4,"name":"K\u00f6ln: Gr\u00fcng\u00fcrtel Impuls 2012"}]},{"@type":"WebSite","@id":"https:\/\/steinschultz.de\/#website","url":"https:\/\/steinschultz.de\/","name":"Stein+Schultz","description":"Stadt, Regional- und Freiraumplaner","potentialAction":[{"@type":"SearchAction","target":{"@type":"EntryPoint","urlTemplate":"https:\/\/steinschultz.de\/?s={search_term_string}"},"query-input":"required name=search_term_string"}],"inLanguage":"en-US"}]}},"_links":{"self":[{"href":"https:\/\/steinschultz.de\/en\/wp-json\/wp\/v2\/pages\/797"}],"collection":[{"href":"https:\/\/steinschultz.de\/en\/wp-json\/wp\/v2\/pages"}],"about":[{"href":"https:\/\/steinschultz.de\/en\/wp-json\/wp\/v2\/types\/page"}],"author":[{"embeddable":true,"href":"https:\/\/steinschultz.de\/en\/wp-json\/wp\/v2\/users\/1"}],"replies":[{"embeddable":true,"href":"https:\/\/steinschultz.de\/en\/wp-json\/wp\/v2\/comments?post=797"}],"version-history":[{"count":6,"href":"https:\/\/steinschultz.de\/en\/wp-json\/wp\/v2\/pages\/797\/revisions"}],"predecessor-version":[{"id":1091,"href":"https:\/\/steinschultz.de\/en\/wp-json\/wp\/v2\/pages\/797\/revisions\/1091"}],"up":[{"embeddable":true,"href":"https:\/\/steinschultz.de\/en\/wp-json\/wp\/v2\/pages\/101"}],"wp:attachment":[{"href":"https:\/\/steinschultz.de\/en\/wp-json\/wp\/v2\/media?parent=797"}],"curies":[{"name":"wp","href":"https:\/\/api.w.org\/{rel}","templated":true}]}}